{"id":7726,"date":"2021-08-16T03:41:29","date_gmt":"2021-08-16T03:41:29","guid":{"rendered":"https:\/\/www.trawellmed.com\/iletisim\/"},"modified":"2023-12-13T15:17:08","modified_gmt":"2023-12-13T15:17:08","slug":"iletisim","status":"publish","type":"page","link":"https:\/\/www.trawellmed.com\/tr\/iletisim\/","title":{"rendered":"\u0130leti\u015fim"},"content":{"rendered":"\t\t<div data-elementor-type=\"wp-page\" data-elementor-id=\"7726\" class=\"elementor elementor-7726 elementor-1483\" data-elementor-post-type=\"page\">\n\t\t\t\t\t\t<section class=\"elementor-section elementor-top-section elementor-element elementor-element-c29001c elementor-section-full_width elementor-section-height-default elementor-section-height-default\" data-id=\"c29001c\" data-element_type=\"section\" data-settings=\"{&quot;background_background&quot;:&quot;classic&quot;,&quot;animation&quot;:&quot;none&quot;}\">\n\t\t\t\t\t\t<div class=\"elementor-container elementor-column-gap-no\">\n\t\t\t\t\t<div class=\"elementor-column elementor-col-100 elementor-top-column elementor-element elementor-element-37cbdf4\" data-id=\"37cbdf4\" data-element_type=\"column\">\n\t\t\t<div class=\"elementor-widget-wrap elementor-element-populated\">\n\t\t\t\t\t\t<section class=\"elementor-section elementor-inner-section elementor-element elementor-element-90ca866 elementor-section-boxed elementor-section-height-default elementor-section-height-default\" data-id=\"90ca866\" data-element_type=\"section\" data-settings=\"{&quot;background_background&quot;:&quot;classic&quot;}\">\n\t\t\t\t\t\t<div class=\"elementor-container elementor-column-gap-no\">\n\t\t\t\t\t<div class=\"elementor-column elementor-col-50 elementor-inner-column elementor-element elementor-element-73fff28\" data-id=\"73fff28\" data-element_type=\"column\" data-settings=\"{&quot;background_background&quot;:&quot;classic&quot;}\">\n\t\t\t<div class=\"elementor-widget-wrap elementor-element-populated\">\n\t\t\t\t\t\t<div class=\"elementor-element elementor-element-608d28f elementor-widget elementor-widget-google_maps\" data-id=\"608d28f\" data-element_type=\"widget\" data-widget_type=\"google_maps.default\">\n\t\t\t\t<div class=\"elementor-widget-container\">\n\t\t\t\t\t<div class=\"elementor-custom-embed\">\n\t\t\t<iframe loading=\"lazy\"\n\t\t\t\t\tsrc=\"https:\/\/maps.google.com\/maps?q=Trawellmed%20Medical%20Tourism&#038;t=m&#038;z=16&#038;output=embed&#038;iwloc=near\"\n\t\t\t\t\ttitle=\"Trawellmed Medical Tourism\"\n\t\t\t\t\taria-label=\"Trawellmed Medical Tourism\"\n\t\t\t><\/iframe>\n\t\t<\/div>\n\t\t\t\t<\/div>\n\t\t\t\t<\/div>\n\t\t\t\t\t<\/div>\n\t\t<\/div>\n\t\t\t\t<div class=\"elementor-column elementor-col-50 elementor-inner-column elementor-element elementor-element-80aabbe animated-slow\" data-id=\"80aabbe\" data-element_type=\"column\" data-settings=\"{&quot;animation&quot;:&quot;none&quot;,&quot;background_background&quot;:&quot;classic&quot;}\">\n\t\t\t<div class=\"elementor-widget-wrap elementor-element-populated\">\n\t\t\t\t\t\t<div class=\"elementor-element elementor-element-df3b620 elementor-widget elementor-widget-heading\" data-id=\"df3b620\" data-element_type=\"widget\" data-widget_type=\"heading.default\">\n\t\t\t\t<div class=\"elementor-widget-container\">\n\t\t\t<h2 class=\"elementor-heading-title elementor-size-default\">Bizimle \u0130leti\u015fime Ge\u00e7in<\/h2>\t\t<\/div>\n\t\t\t\t<\/div>\n\t\t\t\t<div class=\"elementor-element elementor-element-da47948 elementor-widget elementor-widget-text-editor\" data-id=\"da47948\" data-element_type=\"widget\" data-widget_type=\"text-editor.default\">\n\t\t\t\t<div class=\"elementor-widget-container\">\n\t\t\t\t\t\t\t<p>Sa\u011fl\u0131k hizmetlerimiz, randevu talepleri, sorular\u0131n\u0131z veya geri bildirimleriniz i\u00e7in bizimle ileti\u015fime ge\u00e7mek i\u00e7in bu sayfay\u0131 kullanabilirsiniz. Size en k\u0131sa s\u00fcrede yan\u0131t vermek ve sizin i\u00e7in en iyi \u00e7\u00f6z\u00fcmleri sunmak i\u00e7in buraday\u0131z.\u00a0<\/p>\t\t\t\t\t\t<\/div>\n\t\t\t\t<\/div>\n\t\t\t\t<div class=\"elementor-element elementor-element-6850f0d elementor-widget elementor-widget-shortcode\" data-id=\"6850f0d\" data-element_type=\"widget\" data-widget_type=\"shortcode.default\">\n\t\t\t\t<div class=\"elementor-widget-container\">\n\t\t\t\t\t<div class=\"elementor-shortcode\">\n<div class=\"wpcf7 no-js\" id=\"wpcf7-f7750-o1\" lang=\"en-US\" dir=\"ltr\">\n<div class=\"screen-reader-response\"><p role=\"status\" aria-live=\"polite\" aria-atomic=\"true\"><\/p> <ul><\/ul><\/div>\n<form action=\"\/tr\/wp-json\/wp\/v2\/pages\/7726#wpcf7-f7750-o1\" method=\"post\" class=\"wpcf7-form init\" aria-label=\"Contact form\" novalidate=\"novalidate\" data-status=\"init\">\n<div style=\"display: none;\">\n<input type=\"hidden\" name=\"_wpcf7\" value=\"7750\" \/>\n<input type=\"hidden\" name=\"_wpcf7_version\" value=\"5.9.8\" \/>\n<input type=\"hidden\" name=\"_wpcf7_locale\" value=\"en_US\" \/>\n<input type=\"hidden\" name=\"_wpcf7_unit_tag\" value=\"wpcf7-f7750-o1\" \/>\n<input type=\"hidden\" name=\"_wpcf7_container_post\" value=\"0\" \/>\n<input type=\"hidden\" name=\"_wpcf7_posted_data_hash\" value=\"\" \/>\n<input type=\"hidden\" name=\"_wpcf7_recaptcha_response\" value=\"\" \/>\n<\/div>\n<div class=\"row gx-3\">\n<div class=\"form-group col-md-6\"><span class=\"wpcf7-form-control-wrap\" data-name=\"text-320\"><input size=\"40\" maxlength=\"400\" class=\"wpcf7-form-control wpcf7-text form-control style2\" id=\"name\" aria-invalid=\"false\" placeholder=\"Ad Soyad\" value=\"\" type=\"text\" name=\"text-320\" \/><\/span><\/div>\n<div class=\"form-group col-md-6\"><span class=\"wpcf7-form-control-wrap\" data-name=\"email-142\"><input size=\"40\" maxlength=\"400\" class=\"wpcf7-form-control wpcf7-email wpcf7-text wpcf7-validates-as-email form-control style2\" id=\"email-142\" aria-invalid=\"false\" placeholder=\"Email\" value=\"\" type=\"email\" name=\"email-142\" \/><\/span><\/div>\n<div class=\"form-group col-md-6\"><span class=\"wpcf7-form-control-wrap\" data-name=\"tel-349\"><input size=\"40\" maxlength=\"400\" class=\"wpcf7-form-control wpcf7-tel wpcf7-text wpcf7-validates-as-tel form-control style2\" id=\"tel-349\" aria-invalid=\"false\" placeholder=\"Telefon Numaras\u0131\" value=\"\" type=\"tel\" name=\"tel-349\" \/><\/span><\/div>\n<div class=\"form-group col-md-6\"><span class=\"wpcf7-form-control-wrap\" data-name=\"menu-671\"><select class=\"wpcf7-form-control wpcf7-select form-control style2\" id=\"menu-671\" aria-invalid=\"false\" name=\"menu-671\"><option value=\"Sa\u00e7 Ekimi ve Tedavileri\">Sa\u00e7 Ekimi ve Tedavileri<\/option><option value=\"Estetik Cerrahi\">Estetik Cerrahi<\/option><option value=\"Obezite\">Obezite<\/option><option value=\"Di\u015f\">Di\u015f<\/option><option value=\"Medikal Estetik (Botoks, Doldu)\">Medikal Estetik (Botoks, Doldu)<\/option><option value=\"Di\u011fer Tedaviler\">Di\u011fer Tedaviler<\/option><\/select><\/span><\/div>\n<div class=\"form-group col-12\"><span class=\"wpcf7-form-control-wrap\" data-name=\"textarea-59\"><textarea cols=\"40\" rows=\"10\" maxlength=\"2000\" class=\"wpcf7-form-control wpcf7-textarea form-control style2\" id=\"textarea-59\" aria-invalid=\"false\" placeholder=\"Mesaj\u0131n\u0131z\" name=\"textarea-59\"><\/textarea><\/span><\/div>\n<div class=\"form-btn col-12\"><button class=\"vs-btn style1 wpcf7-submit\">G\u00f6nder<\/button><\/div>\n<\/div>\n<p class=\"form-messages mb-0 mt-3 fs-md fw-bold\"><\/p><div class=\"wpcf7-response-output\" aria-hidden=\"true\"><\/div>\n<\/form>\n<\/div>\n<\/div>\n\t\t\t\t<\/div>\n\t\t\t\t<\/div>\n\t\t\t\t\t<\/div>\n\t\t<\/div>\n\t\t\t\t\t<\/div>\n\t\t<\/section>\n\t\t\t\t\t<\/div>\n\t\t<\/div>\n\t\t\t\t\t<\/div>\n\t\t<\/section>\n\t\t\t\t<section class=\"elementor-section elementor-top-section elementor-element elementor-element-a17617a elementor-section-full_width elementor-section-height-default elementor-section-height-default\" data-id=\"a17617a\" data-element_type=\"section\" data-settings=\"{&quot;background_background&quot;:&quot;classic&quot;}\">\n\t\t\t\t\t\t<div class=\"elementor-container elementor-column-gap-no\">\n\t\t\t\t\t<div class=\"elementor-column elementor-col-100 elementor-top-column elementor-element elementor-element-bacf7a4\" data-id=\"bacf7a4\" data-element_type=\"column\">\n\t\t\t<div class=\"elementor-widget-wrap elementor-element-populated\">\n\t\t\t\t\t\t<section class=\"elementor-section elementor-inner-section elementor-element elementor-element-4a1e311 elementor-section-boxed elementor-section-height-default elementor-section-height-default\" data-id=\"4a1e311\" data-element_type=\"section\">\n\t\t\t\t\t\t<div class=\"elementor-container elementor-column-gap-default\">\n\t\t\t\t\t<div class=\"elementor-column elementor-col-33 elementor-inner-column elementor-element elementor-element-f3c070d\" data-id=\"f3c070d\" data-element_type=\"column\">\n\t\t\t<div class=\"elementor-widget-wrap elementor-element-populated\">\n\t\t\t\t\t\t<div class=\"elementor-element elementor-element-9306780 elementor-widget elementor-widget-medilaxsinglecontactinfo\" data-id=\"9306780\" data-element_type=\"widget\" data-widget_type=\"medilaxsinglecontactinfo.default\">\n\t\t\t\t<div class=\"elementor-widget-container\">\n\t\t\t<!-----------------------Start Features Area-----------------------><div class=\"info-media\"><div class=\"info-media_icon\"><i aria-hidden=\"true\" class=\"fas fa-envelope\"><\/i><\/div><div class=\"media-body\"><p class=\"info-media_text\"><a href=\"mailto:info@trawellmed.com\">info@trawellmed.com<\/a><\/p><\/div><\/div><!-----------------------End Features Area----------------------->\t\t<\/div>\n\t\t\t\t<\/div>\n\t\t\t\t\t<\/div>\n\t\t<\/div>\n\t\t\t\t<div class=\"elementor-column elementor-col-33 elementor-inner-column elementor-element elementor-element-25c3d42\" data-id=\"25c3d42\" data-element_type=\"column\">\n\t\t\t<div class=\"elementor-widget-wrap elementor-element-populated\">\n\t\t\t\t\t\t<div class=\"elementor-element elementor-element-ffa6fc4 elementor-widget elementor-widget-medilaxsinglecontactinfo\" data-id=\"ffa6fc4\" data-element_type=\"widget\" data-widget_type=\"medilaxsinglecontactinfo.default\">\n\t\t\t\t<div class=\"elementor-widget-container\">\n\t\t\t<!-----------------------Start Features Area-----------------------><div class=\"info-media\"><div class=\"info-media_icon\"><i aria-hidden=\"true\" class=\"fas fa-phone-alt\"><\/i><\/div><div class=\"media-body\"><p class=\"info-media_text\"><a href=\"tel:+905364037328\">+905364037328<\/a><\/p><\/div><\/div><!-----------------------End Features Area----------------------->\t\t<\/div>\n\t\t\t\t<\/div>\n\t\t\t\t\t<\/div>\n\t\t<\/div>\n\t\t\t\t<div class=\"elementor-column elementor-col-33 elementor-inner-column elementor-element elementor-element-2ec216f\" data-id=\"2ec216f\" data-element_type=\"column\">\n\t\t\t<div class=\"elementor-widget-wrap elementor-element-populated\">\n\t\t\t\t\t\t<div class=\"elementor-element elementor-element-d17ff6b elementor-widget elementor-widget-medilaxsinglecontactinfo\" data-id=\"d17ff6b\" data-element_type=\"widget\" data-widget_type=\"medilaxsinglecontactinfo.default\">\n\t\t\t\t<div class=\"elementor-widget-container\">\n\t\t\t<!-----------------------Start Features Area-----------------------><div class=\"info-media\"><div class=\"info-media_icon\"><i aria-hidden=\"true\" class=\"fas fa-map-marker-alt\"><\/i><\/div><div class=\"media-body\"><p class=\"info-media_text\">Medicana Hospital Kad\u0131k\u00f6y - \u0130stanbul\/Turkey<\/p><\/div><\/div><!-----------------------End Features Area----------------------->\t\t<\/div>\n\t\t\t\t<\/div>\n\t\t\t\t\t<\/div>\n\t\t<\/div>\n\t\t\t\t\t<\/div>\n\t\t<\/section>\n\t\t\t\t\t<\/div>\n\t\t<\/div>\n\t\t\t\t\t<\/div>\n\t\t<\/section>\n\t\t\t\t<\/div>\n\t\t","protected":false},"excerpt":{"rendered":"<p>Bizimle \u0130leti\u015fime Ge\u00e7in Sa\u011fl\u0131k hizmetlerimiz, randevu talepleri, sorular\u0131n\u0131z veya geri bildirimleriniz i\u00e7in bizimle ileti\u015fime ge\u00e7mek i\u00e7in bu sayfay\u0131 kullanabilirsiniz. Size en k\u0131sa s\u00fcrede yan\u0131t vermek ve sizin i\u00e7in en iyi \u00e7\u00f6z\u00fcmleri sunmak i\u00e7in buraday\u0131z.\u00a0 info@trawellmed.com +905364037328 Medicana Hospital Kad\u0131k\u00f6y &#8211; \u0130stanbul\/Turkey<\/p>\n","protected":false},"author":1,"featured_media":0,"parent":0,"menu_order":0,"comment_status":"closed","ping_status":"closed","template":"template-builder.php","meta":{"_joinchat":[],"footnotes":""},"class_list":["post-7726","page","type-page","status-publish","hentry"],"_links":{"self":[{"href":"https:\/\/www.trawellmed.com\/tr\/wp-json\/wp\/v2\/pages\/7726","targetHints":{"allow":["GET"]}}],"collection":[{"href":"https:\/\/www.trawellmed.com\/tr\/wp-json\/wp\/v2\/pages"}],"about":[{"href":"https:\/\/www.trawellmed.com\/tr\/wp-json\/wp\/v2\/types\/page"}],"author":[{"embeddable":true,"href":"https:\/\/www.trawellmed.com\/tr\/wp-json\/wp\/v2\/users\/1"}],"replies":[{"embeddable":true,"href":"https:\/\/www.trawellmed.com\/tr\/wp-json\/wp\/v2\/comments?post=7726"}],"version-history":[{"count":14,"href":"https:\/\/www.trawellmed.com\/tr\/wp-json\/wp\/v2\/pages\/7726\/revisions"}],"predecessor-version":[{"id":9555,"href":"https:\/\/www.trawellmed.com\/tr\/wp-json\/wp\/v2\/pages\/7726\/revisions\/9555"}],"wp:attachment":[{"href":"https:\/\/www.trawellmed.com\/tr\/wp-json\/wp\/v2\/media?parent=7726"}],"curies":[{"name":"wp","href":"https:\/\/api.w.org\/{rel}","templated":true}]}}