{"id":7724,"date":"2021-07-25T07:52:53","date_gmt":"2021-07-25T07:52:53","guid":{"rendered":"https:\/\/www.trawellmed.com\/hakkimizda\/"},"modified":"2023-10-25T15:59:16","modified_gmt":"2023-10-25T15:59:16","slug":"hakkimizda","status":"publish","type":"page","link":"https:\/\/www.trawellmed.com\/tr\/hakkimizda\/","title":{"rendered":"Hakk\u0131m\u0131zda"},"content":{"rendered":"\t\t<div data-elementor-type=\"wp-page\" data-elementor-id=\"7724\" class=\"elementor elementor-7724 elementor-192\" data-elementor-post-type=\"page\">\n\t\t\t\t\t\t<section class=\"elementor-section elementor-top-section elementor-element elementor-element-45aab66 elementor-section-full_width elementor-section-height-default elementor-section-height-default\" data-id=\"45aab66\" data-element_type=\"section\" data-settings=\"{&quot;background_background&quot;:&quot;classic&quot;}\">\n\t\t\t\t\t\t<div class=\"elementor-container elementor-column-gap-no\">\n\t\t\t\t\t<div class=\"elementor-column elementor-col-100 elementor-top-column elementor-element elementor-element-0f23591\" data-id=\"0f23591\" data-element_type=\"column\">\n\t\t\t<div class=\"elementor-widget-wrap elementor-element-populated\">\n\t\t\t\t\t\t<div class=\"elementor-element elementor-element-fb9d8c6 elementor-widget elementor-widget-aboutus\" data-id=\"fb9d8c6\" data-element_type=\"widget\" data-widget_type=\"aboutus.default\">\n\t\t\t\t<div class=\"elementor-widget-container\">\n\t\t\t<!-----------------------Start About us Area-----------------------><section class=\"vs-about-wrapper space\"><div class=\"container\"><div class=\"row flex-row-reverse\"><div class=\"col-lg-6 mb-40 mb-lg-0\"><div class=\"vs-surface wow\" data-wow-delay=\"0.3s\"><div class=\"about-img3 position-relative\"><img decoding=\"async\" src=\"https:\/\/wordpress.vecurosoft.com\/medilax\/wp-content\/uploads\/2021\/07\/about-4-1.jpg\" alt=\"about 4 1\"  class=\"w-100\" \/><div class=\"exp-box-bottom\"><div class=\"exp-year text-theme\"><span class=\"counter\">13<\/span>+<\/div><p class=\"exp-text text-title mb-0\">Y\u0131ll\u0131k Deneyim<\/p><\/div><\/div><\/div><\/div><div class=\"col-lg-6 align-self-center\"><div class=\"about-content mb-2 \"><span class=\"sec-subtitle text-theme h3 mb-2 mb-sm-0\">Trawellmed<\/span><div class=\"row\"><div class=\"col-xl-10\"><h2 class=\"h1 mb-3\">Bizi  <span class=\"text-theme\"> Yak\u0131ndan <\/span> Tan\u0131y\u0131n.<\/h2><\/div><\/div><div class=\"media-style1\"><div class=\"page\" title=\"Page 4\"><div class=\"layoutArea\"><div class=\"column\"><p>Trawell, yurtd\u0131\u015f\u0131ndan gelen hastalarla birlikte T\u00fcrkiye'deki t\u0131bbi ve sa\u011fl\u0131k turizmine farkl\u0131 bir bak\u0131\u015f a\u00e7\u0131s\u0131 getirmeyi ama\u00e7lamaktad\u0131r. Uzman kadrosuyla hem yerli hem de yabanc\u0131 konuklar\u0131na g\u00fczel bir T\u00fcrkiye deneyimi sunarken, Trawell tedavi s\u00fcre\u00e7lerinde s\u0131k\u0131nt\u0131s\u0131z tedavi felsefesini benimsemi\u015ftir ve tedavi s\u00fcre\u00e7lerinde mutlu konuklar\u0131na odaklan\u0131r.\u2028<\/p><h2><strong>Misyonumuz<\/strong><\/h2><p>K\u00fcresel bir varl\u0131kla kaliteli bir \u015fekilde devam etmek, konuklar\u0131m\u0131z i\u00e7in en uygun tedavi y\u00f6ntemini belirlemek, kaliteli sonu\u00e7lar elde etmelerini sa\u011flamak, konuklar\u0131m\u0131z\u0131n ihtiya\u00e7lar\u0131n\u0131 en uygun \u015fekilde belirlemek ve beklentilerini tam olarak kar\u015f\u0131lamak ve ya\u015fam kalitelerini art\u0131rmak.\u2028\u2028<\/p><h2><strong>Vizyonumuz<\/strong><\/h2><p>D\u00fcnya genelinde kaliteli sa\u011fl\u0131k turizmi sunarak g\u00fcvenilir bir merkez haline gelmeyi \u00f6ng\u00f6r\u00fcyoruz.<\/p><\/div><\/div><\/div><\/div><\/div><\/div><\/div><\/div><\/section><!-----------------------End About us Area----------------------->\t\t<\/div>\n\t\t\t\t<\/div>\n\t\t\t\t\t<\/div>\n\t\t<\/div>\n\t\t\t\t\t<\/div>\n\t\t<\/section>\n\t\t\t\t<\/div>\n\t\t","protected":false},"excerpt":{"rendered":"<p>13+ Y\u0131ll\u0131k Deneyim Trawellmed Bizi Yak\u0131ndan Tan\u0131y\u0131n. Trawell, yurtd\u0131\u015f\u0131ndan gelen hastalarla birlikte T\u00fcrkiye&#8217;deki t\u0131bbi ve sa\u011fl\u0131k turizmine farkl\u0131 bir bak\u0131\u015f a\u00e7\u0131s\u0131 getirmeyi ama\u00e7lamaktad\u0131r. Uzman kadrosuyla hem yerli hem de yabanc\u0131 konuklar\u0131na g\u00fczel bir T\u00fcrkiye deneyimi sunarken, Trawell tedavi s\u00fcre\u00e7lerinde s\u0131k\u0131nt\u0131s\u0131z tedavi felsefesini benimsemi\u015ftir ve tedavi s\u00fcre\u00e7lerinde mutlu konuklar\u0131na odaklan\u0131r.\u2028 Misyonumuz K\u00fcresel bir varl\u0131kla kaliteli bir&#8230;<\/p>\n","protected":false},"author":1,"featured_media":0,"parent":0,"menu_order":0,"comment_status":"closed","ping_status":"closed","template":"elementor_header_footer","meta":{"_joinchat":[],"footnotes":""},"class_list":["post-7724","page","type-page","status-publish","hentry"],"_links":{"self":[{"href":"https:\/\/www.trawellmed.com\/tr\/wp-json\/wp\/v2\/pages\/7724","targetHints":{"allow":["GET"]}}],"collection":[{"href":"https:\/\/www.trawellmed.com\/tr\/wp-json\/wp\/v2\/pages"}],"about":[{"href":"https:\/\/www.trawellmed.com\/tr\/wp-json\/wp\/v2\/types\/page"}],"author":[{"embeddable":true,"href":"https:\/\/www.trawellmed.com\/tr\/wp-json\/wp\/v2\/users\/1"}],"replies":[{"embeddable":true,"href":"https:\/\/www.trawellmed.com\/tr\/wp-json\/wp\/v2\/comments?post=7724"}],"version-history":[{"count":8,"href":"https:\/\/www.trawellmed.com\/tr\/wp-json\/wp\/v2\/pages\/7724\/revisions"}],"predecessor-version":[{"id":7744,"href":"https:\/\/www.trawellmed.com\/tr\/wp-json\/wp\/v2\/pages\/7724\/revisions\/7744"}],"wp:attachment":[{"href":"https:\/\/www.trawellmed.com\/tr\/wp-json\/wp\/v2\/media?parent=7724"}],"curies":[{"name":"wp","href":"https:\/\/api.w.org\/{rel}","templated":true}]}}