{"id":13456,"date":"2023-09-29T12:19:06","date_gmt":"2023-09-29T12:19:06","guid":{"rendered":"https:\/\/www.trawellmed.com\/privacy-policy\/"},"modified":"2024-01-11T14:31:55","modified_gmt":"2024-01-11T14:31:55","slug":"datenschutzrichtlinie","status":"publish","type":"page","link":"https:\/\/www.trawellmed.com\/de\/datenschutzrichtlinie\/","title":{"rendered":"Datenschutzrichtlinie"},"content":{"rendered":"\r\n<h2 class=\"wp-block-heading\">Datenschutz, Cookie-Richtlinie und Informationstext<\/h2>\r\n<p>Als Trawellmed verwenden wir einige Technologien wie Cookies, Pixel, GIFs (\u201eCookies\u201c), um Ihr Erlebnis bei Ihren Besuchen auf unseren Online-Kan\u00e4len zu verbessern. Der Einsatz dieser Technologien erfolgt in \u00dcbereinstimmung mit den f\u00fcr uns geltenden Gesetzen, insbesondere dem Gesetz zum Schutz personenbezogener Daten Nr. 6698 (\u201eKVK-Gesetz\u201c).<\/p>\r\n<p>Der Zweck dieses Cookie-Informationstextes besteht darin, Informationen \u00fcber die Verarbeitung personenbezogener Daten bereitzustellen, die durch die Verwendung von Cookies durch Website-Benutzer\/Mitglieder\/Besucher (\u201eDateneigent\u00fcmer\u201c) w\u00e4hrend des Betriebs der \u201ewww.trawellmed.com\u201c-Websites erhoben werden ( \u201eWebsite\u201c), die von uns betrieben wird. ist es, Sie mit Informationen zu versorgen. In diesem Text m\u00f6chten wir Ihnen erkl\u00e4ren, welche Arten von Cookies wir auf unseren Seiten zu welchen Zwecken verwenden und wie Sie diese Cookies steuern k\u00f6nnen.<\/p>\r\n<p>Als Trawellmed k\u00f6nnen wir die Verwendung der auf der Website verwendeten Cookies einstellen, ihre Art oder Funktion \u00e4ndern oder neue Cookies hinzuf\u00fcgen. Daher behalten wir uns das Recht vor, die Bestimmungen dieses Informationstextes jederzeit zu \u00e4ndern. Alle am aktuellen Informationstext vorgenommenen \u00c4nderungen treten mit der Ver\u00f6ffentlichung auf den Websites oder in \u00f6ffentlichen Medien in Kraft.<\/p>\r\n<h2>Was ist ein Cookie?<\/h2>\r\n<p>Ein Cookie ist eine kleine Textdatei, die erforderlich ist, damit eine Website Sie sp\u00e4ter wiedererkennen kann. Diese Textdatei ist f\u00fcr Sie privat und kann nur von dem Webserver gelesen werden, der diesen Code definiert. Es ist definitiv kein Virus. Es sch\u00fctzt Sie vor Zeitverlust und merkt sich, wenn Sie registriert sind, automatisch die Antworten, die Sie bei Ihren nachfolgenden Anmeldungen gegeben haben.<\/p>\r\n<h2>Welche Cookies werden f\u00fcr welche Zwecke verwendet?<\/h2>\r\n<h3>Allgemein<\/h3>\r\n<p>Als Unternehmen setzen wir auf unserer Seite Cookies f\u00fcr verschiedene Zwecke ein und verarbeiten \u00fcber diese Cookies Ihre personenbezogenen Daten. Diese Hauptzwecke sind:<\/p>\r\n<p>Um die grundlegenden Funktionen auszuf\u00fchren, die f\u00fcr den Betrieb der Website erforderlich sind.<\/p>\r\n<p>Um die Website zu analysieren und die Leistung der Website zu verbessern. Zum Beispiel die Integration verschiedener Server, auf denen die Website l\u00e4uft, die Ermittlung der Anzahl der Besucher der Website und die entsprechende Anpassung der Leistung oder die Erleichterung der Suche der Besucher nach dem, was sie suchen.<\/p>\r\n<p>Um die Funktionalit\u00e4t der Website zu erh\u00f6hen und die Benutzerfreundlichkeit zu gew\u00e4hrleisten. Zum Beispiel das Teilen auf Social-Media-Kan\u00e4len Dritter \u00fcber die Website, das Merken der Benutzernameninformationen oder Suchanfragen des Besuchers der Website bei seinem sp\u00e4teren Besuch.<\/p>\r\n<p>F\u00fcr die Zwecke im Rahmen des Informationstextes k\u00f6nnen Ihre personenbezogenen Daten ohne Ihre Einwilligung verarbeitet werden, wenn mindestens eine der gesetzlichen Datenverarbeitungsbedingungen gem\u00e4\u00df Artikel 5 Absatz 2 des KVK-Gesetzes erf\u00fcllt ist. Ansonsten erfolgt die Verarbeitung Ihrer personenbezogenen Daten in den F\u00e4llen, in denen keine gesetzlichen Datenverarbeitungsvoraussetzungen bestehen, nur mit Ihrer ausdr\u00fccklichen Einwilligung. In jedem Fall k\u00f6nnen wir Ihre personenbezogenen Daten im Rahmen des Informationstextes an Dritte, deren Dienste unser Unternehmen in Anspruch nimmt, unsere Tochtergesellschaften, Gesch\u00e4ftspartner und Konzernunternehmen, beschr\u00e4nkt auf die Erreichung der oben genannten Zwecke und in \u00dcbereinstimmung mit der Gesetzgebung. Wir weisen darauf hin, dass die Parteien, an die die Daten \u00fcbermittelt werden, Ihre personenbezogenen Daten m\u00f6glicherweise weltweit auf ihren Servern speichern.<\/p>\r\n<h2>Auf unserer Website verwendete Cookies<\/h2>\r\n<p>Cookies k\u00f6nnen nach ihrem Besitzer, ihrer Lebensdauer und ihrem Verwendungszweck kategorisiert werden. Abh\u00e4ngig von der Partei, die das Cookie platziert, werden Plattform-Cookies und Cookies von Drittanbietern verwendet. W\u00e4hrend Plattform-Cookies von Trawellmed erstellt werden, werden Cookies von Drittanbietern von verschiedenen Unternehmen in Zusammenarbeit mit Trawellmed verwaltet. Je nachdem, wie lange sie aktiv sind, kommen Session-Cookies und persistente Cookies zum Einsatz. W\u00e4hrend Sitzungscookies gel\u00f6scht werden, wenn der Besucher die Plattform verl\u00e4sst, k\u00f6nnen dauerhafte Cookies je nach Einsatzgebiet f\u00fcr unterschiedliche Zeitr\u00e4ume auf den Ger\u00e4ten der Besucher verbleiben. Je nach Verwendungszweck werden auf der Plattform technische Cookies, Verifizierungscookies, Targeting-\/Werbecookies, Personalisierungscookies und analytische Cookies verwendet.<\/p>\r\n<h3>Obligatorische Cookies<\/h3>\r\n<p>Die Verwendung bestimmter Cookies ist f\u00fcr die ordnungsgem\u00e4\u00dfe Funktion unserer Website unerl\u00e4sslich. Es gibt ein Cookie, das Ihre Sprachauswahl speichert.<\/p>\r\n<h2>Warum werden Cookies verwendet?<\/h2>\r\n<p><br \/>Auf der Plattform werden Cookies f\u00fcr folgende Zwecke verwendet: Zur Ausf\u00fchrung der Grundfunktionen, die f\u00fcr den Betrieb der Plattform erforderlich sind. Stellen Sie beispielsweise sicher, dass die Produkte im Warenkorb der Mitglieder w\u00e4hrend ihres Besuchs nicht verloren gehen. Login-Mitglieder m\u00fcssen ihr Passwort nicht erneut eingeben, wenn sie verschiedene Seiten der Plattform besuchen. Um die Plattform zu analysieren und die Leistung der Plattform zu verbessern. Beispielsweise die Einbindung verschiedener Server, auf denen die Plattform l\u00e4uft, die Ermittlung der Anzahl der Besucher der Plattform und die entsprechende Anpassung der Leistung oder die Erleichterung der Suche der Besucher nach dem, was sie suchen. Um die Funktionalit\u00e4t der Plattform zu erh\u00f6hen und die Benutzerfreundlichkeit zu gew\u00e4hrleisten. Zum Beispiel das Teilen auf Social-Media-Kan\u00e4len Dritter \u00fcber die Plattform, das Merken der Benutzernameninformationen oder Suchanfragen des Besuchers der Plattform bei seinem sp\u00e4teren Besuch. Zur Durchf\u00fchrung von Personalisierungs-, Targeting- und Werbeaktivit\u00e4ten. Zum Beispiel das Anzeigen von Werbung, die sich auf die Interessen der Besucher auf den von ihnen angezeigten Seiten und Produkten bezieht. Wie kann ich die Verwendung von Cookies kontrollieren?<\/p>\r\n<p>Sie haben die M\u00f6glichkeit, Ihre Pr\u00e4ferenzen bez\u00fcglich Cookies zu personalisieren, indem Sie die Einstellungen Ihres Browsers \u00e4ndern. F\u00fcr einige Cookies, die f\u00fcr den Betrieb der Websites von Trawellmed zwingend erforderlich sind, ist die Pr\u00e4ferenzverwaltung jedoch nicht m\u00f6glich. Wir m\u00f6chten Sie auch daran erinnern, dass verschiedene Funktionen der Website m\u00f6glicherweise nicht funktionieren, wenn einige Cookies deaktiviert sind.<\/p>\r\n<p>Informationen zum Verwalten von Pr\u00e4ferenzen bez\u00fcglich der auf der Plattform verwendeten Cookies lauten wie folgt: Besucher haben die M\u00f6glichkeit, ihre Pr\u00e4ferenzen bez\u00fcglich Cookies zu personalisieren, indem sie die Browsereinstellungen \u00e4ndern, in denen sie die Plattform betrachten. Wenn der verwendete Browser diese M\u00f6glichkeit bietet, ist es m\u00f6glich, die Einstellungen bez\u00fcglich Cookies \u00fcber die Browsereinstellungen zu \u00e4ndern. Obwohl dies je nach den vom Browser angebotenen Funktionen variieren kann, haben Dateneigent\u00fcmer daher die M\u00f6glichkeit, die Verwendung von Cookies zu verhindern, vor der Verwendung eines Cookies eine Warnung zu erhalten oder nur einige Cookies zu deaktivieren oder zu l\u00f6schen. Obwohl die Pr\u00e4ferenzen zu diesem Thema je nach verwendetem Browser variieren, ist es m\u00f6glich, die allgemeine Erkl\u00e4rung unter https:\/\/www.aboutcookies.org\/ abzurufen. Einstellungen in Bezug auf Cookies m\u00fcssen m\u00f6glicherweise f\u00fcr jedes Ger\u00e4t, von dem aus der Besucher auf die Plattform zugreift, separat vorgenommen werden.<\/p>\r\n<p>Pr\u00e4ferenzen f\u00fcr Cookies, die von vielen Unternehmen f\u00fcr Werbeaktivit\u00e4ten verwendet werden, k\u00f6nnen \u00fcber Ihre Online-Auswahl verwaltet werden. \u00dcber das Einstellungsmen\u00fc des Mobilger\u00e4ts k\u00f6nnen Cookies \u00fcber Mobilger\u00e4te verwaltet werden.<\/p>\r\n","protected":false},"excerpt":{"rendered":"<p>Datenschutz, Cookie-Richtlinie und Informationstext Als Trawellmed verwenden wir einige Technologien wie Cookies, Pixel, GIFs (\u201eCookies\u201c), um Ihr Erlebnis bei Ihren Besuchen auf unseren Online-Kan\u00e4len zu verbessern. Der Einsatz dieser Technologien erfolgt in \u00dcbereinstimmung mit den f\u00fcr uns geltenden Gesetzen, insbesondere dem Gesetz zum Schutz personenbezogener Daten Nr. 6698 (\u201eKVK-Gesetz\u201c). Der Zweck dieses Cookie-Informationstextes besteht darin,&#8230;<\/p>\n","protected":false},"author":1,"featured_media":0,"parent":0,"menu_order":0,"comment_status":"closed","ping_status":"open","template":"","meta":{"_joinchat":[],"footnotes":""},"class_list":["post-13456","page","type-page","status-publish","hentry","page--item"],"_links":{"self":[{"href":"https:\/\/www.trawellmed.com\/de\/wp-json\/wp\/v2\/pages\/13456","targetHints":{"allow":["GET"]}}],"collection":[{"href":"https:\/\/www.trawellmed.com\/de\/wp-json\/wp\/v2\/pages"}],"about":[{"href":"https:\/\/www.trawellmed.com\/de\/wp-json\/wp\/v2\/types\/page"}],"author":[{"embeddable":true,"href":"https:\/\/www.trawellmed.com\/de\/wp-json\/wp\/v2\/users\/1"}],"replies":[{"embeddable":true,"href":"https:\/\/www.trawellmed.com\/de\/wp-json\/wp\/v2\/comments?post=13456"}],"version-history":[{"count":2,"href":"https:\/\/www.trawellmed.com\/de\/wp-json\/wp\/v2\/pages\/13456\/revisions"}],"predecessor-version":[{"id":13477,"href":"https:\/\/www.trawellmed.com\/de\/wp-json\/wp\/v2\/pages\/13456\/revisions\/13477"}],"wp:attachment":[{"href":"https:\/\/www.trawellmed.com\/de\/wp-json\/wp\/v2\/media?parent=13456"}],"curies":[{"name":"wp","href":"https:\/\/api.w.org\/{rel}","templated":true}]}}